{"id":233,"date":"2011-04-14T17:00:52","date_gmt":"2011-04-14T17:00:52","guid":{"rendered":"http:\/\/tainoexpress.minicani.info\/?page_id=2"},"modified":"2020-02-25T20:04:59","modified_gmt":"2020-02-25T20:04:59","slug":"nosotros","status":"publish","type":"page","link":"https:\/\/tainoexpress.com\/en\/nosotros\/","title":{"rendered":"About us"},"content":{"rendered":"<div id=\"pl-233\"  class=\"panel-layout\" ><div id=\"pg-233-0\"  class=\"panel-grid panel-no-style\" ><div id=\"pgc-233-0-0\"  class=\"panel-grid-cell\" ><div id=\"panel-233-0-0-0\" class=\"so-panel widget widget_sow-image panel-first-child panel-last-child\" data-index=\"0\" ><div\n\t\t\t\n\t\t\tclass=\"so-widget-sow-image so-widget-sow-image-default-8b5b6f678277-233\"\n\t\t\t\n\t\t>\n<div class=\"sow-image-container\">\n\t\t<img \n\tsrc=\"https:\/\/tainoexpress.com\/control\/wp-content\/uploads\/2011\/04\/sobrenosotros1.jpg\" width=\"610\" height=\"315\" srcset=\"https:\/\/tainoexpress.com\/control\/wp-content\/uploads\/2011\/04\/sobrenosotros1.jpg 610w, https:\/\/tainoexpress.com\/control\/wp-content\/uploads\/2011\/04\/sobrenosotros1-300x155.jpg 300w, https:\/\/tainoexpress.com\/control\/wp-content\/uploads\/2011\/04\/sobrenosotros1-150x77.jpg 150w\" sizes=\"(max-width: 610px) 100vw, 610px\" title=\"sobrenosotros\" alt=\"\" \t\tclass=\"so-widget-image\"\/>\n\t<\/div>\n\n<\/div><\/div><\/div><div id=\"pgc-233-0-1\"  class=\"panel-grid-cell\" ><div id=\"panel-233-0-1-0\" class=\"so-panel widget widget_text panel-first-child\" data-index=\"1\" >\t\t\t<div class=\"textwidget\">We are a team of professionals in the global courier management area, consolidated air and maritime cargo, serving our clients as a liaison with the rest of the world. We provide all services related to goods import. From our offices in different parts of the world we can control your purchases to deliver them to your door in Santo Domingo and Santiago between 24 and 72 hours.<\/div>\n\t\t<\/div><div id=\"panel-233-0-1-1\" class=\"so-panel widget widget_text panel-last-child\" data-index=\"2\" >\t\t\t<div class=\"textwidget\"><p>Through our website you can see where your package is within our processes by logging into your account using your account number. For more information you can log in through tainoexpress.com or call our office at 809-333-8292 extensions 227, 228, 229, 235 and 238.<\/p>\n<\/div>\n\t\t<\/div><\/div><\/div><div id=\"pg-233-1\"  class=\"panel-grid panel-no-style\" ><div id=\"pgc-233-1-0\"  class=\"panel-grid-cell\" ><div id=\"panel-233-1-0-0\" class=\"so-panel widget widget_text panel-first-child panel-last-child\" data-index=\"3\" ><h3 class=\"widget-title\">OUR MISSION<\/h3>\t\t\t<div class=\"textwidget\">To offer our clients integral high quality solutions in the management of their shipments and international purchases, adjusted to their requirements.\n<\/div>\n\t\t<\/div><\/div><div id=\"pgc-233-1-1\"  class=\"panel-grid-cell\" ><div id=\"panel-233-1-1-0\" class=\"so-panel widget widget_text panel-first-child panel-last-child\" data-index=\"4\" ><h3 class=\"widget-title\">OUR VISION<\/h3>\t\t\t<div class=\"textwidget\">To reach the highest standards in logistics and quality in the management of shipments and purchases globally for the benefit of our clients and investors.<\/div>\n\t\t<\/div><\/div><div id=\"pgc-233-1-2\"  class=\"panel-grid-cell\" ><div id=\"panel-233-1-2-0\" class=\"so-panel widget widget_text panel-first-child panel-last-child\" data-index=\"5\" ><h3 class=\"widget-title\">QUALITY POLICY<\/h3>\t\t\t<div class=\"textwidget\">To promote an ideal workplace where our team can develop in character and technologically to offer our clients the best service quality possible.<\/div>\n\t\t<\/div><\/div><\/div><\/div>","protected":false},"excerpt":{"rendered":"<p>Conformamos un equipo de profesionales en el \u00e1rea de manejo global de courier, carga a\u00e9rea y mar\u00edtima consolidada sirviendo a nuestros clientes de enlace con el mundo. Abarcamos los mercados cubriendo todos los servicios relacionados con la importaci\u00f3n. Desde nuestras oficinas en distintas partes del mundo podemos controlar sus compras&#8230;<\/p>\n<p> <a class=\"continue-reading-link\" href=\"https:\/\/tainoexpress.com\/en\/nosotros\/\"><span>Continue reading<\/span><i class=\"crycon-right-dir\"><\/i><\/a> <\/p>","protected":false},"author":1,"featured_media":0,"parent":0,"menu_order":1,"comment_status":"closed","ping_status":"closed","template":"","meta":{"footnotes":""},"class_list":["post-233","page","type-page","status-publish","hentry"],"yoast_head":"<!-- This site is optimized with the Yoast SEO plugin v27.3 - https:\/\/yoast.com\/product\/yoast-seo-wordpress\/ -->\n<title>Nosotros - Ta\u00edno Express<\/title>\n<meta name=\"robots\" content=\"index, follow, max-snippet:-1, max-image-preview:large, max-video-preview:-1\" \/>\n<link rel=\"canonical\" href=\"https:\/\/tainoexpress.com\/en\/nosotros\/\" \/>\n<meta property=\"og:locale\" content=\"en_US\" \/>\n<meta property=\"og:type\" content=\"article\" \/>\n<meta property=\"og:title\" content=\"Nosotros - Ta\u00edno Express\" \/>\n<meta property=\"og:description\" content=\"Conformamos un equipo de profesionales en el \u00e1rea de manejo global de courier, carga a\u00e9rea y mar\u00edtima consolidada sirviendo a nuestros clientes de enlace con el mundo. Abarcamos los mercados cubriendo todos los servicios relacionados con la importaci\u00f3n. Desde nuestras oficinas en distintas partes del mundo podemos controlar sus compras... Continue reading\" \/>\n<meta property=\"og:url\" content=\"https:\/\/tainoexpress.com\/en\/nosotros\/\" \/>\n<meta property=\"og:site_name\" content=\"Ta\u00edno Express\" \/>\n<meta property=\"article:publisher\" content=\"https:\/\/www.facebook.com\/tainoexpress\" \/>\n<meta property=\"article:modified_time\" content=\"2020-02-25T20:04:59+00:00\" \/>\n<meta name=\"twitter:card\" content=\"summary_large_image\" \/>\n<meta name=\"twitter:label1\" content=\"Est. reading time\" \/>\n\t<meta name=\"twitter:data1\" content=\"1 minute\" \/>\n<script type=\"application\/ld+json\" class=\"yoast-schema-graph\">{\"@context\":\"https:\\\/\\\/schema.org\",\"@graph\":[{\"@type\":\"WebPage\",\"@id\":\"https:\\\/\\\/tainoexpress.com\\\/nosotros\\\/\",\"url\":\"https:\\\/\\\/tainoexpress.com\\\/nosotros\\\/\",\"name\":\"Nosotros - Ta\u00edno Express\",\"isPartOf\":{\"@id\":\"https:\\\/\\\/tainoexpress.com\\\/#website\"},\"datePublished\":\"2011-04-14T17:00:52+00:00\",\"dateModified\":\"2020-02-25T20:04:59+00:00\",\"breadcrumb\":{\"@id\":\"https:\\\/\\\/tainoexpress.com\\\/nosotros\\\/#breadcrumb\"},\"inLanguage\":\"en-US\",\"potentialAction\":[{\"@type\":\"ReadAction\",\"target\":[\"https:\\\/\\\/tainoexpress.com\\\/nosotros\\\/\"]}]},{\"@type\":\"BreadcrumbList\",\"@id\":\"https:\\\/\\\/tainoexpress.com\\\/nosotros\\\/#breadcrumb\",\"itemListElement\":[{\"@type\":\"ListItem\",\"position\":1,\"name\":\"Home\",\"item\":\"https:\\\/\\\/tainoexpress.com\\\/\"},{\"@type\":\"ListItem\",\"position\":2,\"name\":\"Nosotros\"}]},{\"@type\":\"WebSite\",\"@id\":\"https:\\\/\\\/tainoexpress.com\\\/#website\",\"url\":\"https:\\\/\\\/tainoexpress.com\\\/\",\"name\":\"Ta\u00edno Express\",\"description\":\"Courier y Mar\u00edtimo\",\"publisher\":{\"@id\":\"https:\\\/\\\/tainoexpress.com\\\/#organization\"},\"potentialAction\":[{\"@type\":\"SearchAction\",\"target\":{\"@type\":\"EntryPoint\",\"urlTemplate\":\"https:\\\/\\\/tainoexpress.com\\\/?s={search_term_string}\"},\"query-input\":{\"@type\":\"PropertyValueSpecification\",\"valueRequired\":true,\"valueName\":\"search_term_string\"}}],\"inLanguage\":\"en-US\"},{\"@type\":\"Organization\",\"@id\":\"https:\\\/\\\/tainoexpress.com\\\/#organization\",\"name\":\"Ta\u00edno Express\",\"url\":\"https:\\\/\\\/tainoexpress.com\\\/\",\"logo\":{\"@type\":\"ImageObject\",\"inLanguage\":\"en-US\",\"@id\":\"https:\\\/\\\/tainoexpress.com\\\/#\\\/schema\\\/logo\\\/image\\\/\",\"url\":\"http:\\\/\\\/tainoexpress.com\\\/control\\\/wp-content\\\/uploads\\\/2020\\\/07\\\/taino-logos-10.png\",\"contentUrl\":\"http:\\\/\\\/tainoexpress.com\\\/control\\\/wp-content\\\/uploads\\\/2020\\\/07\\\/taino-logos-10.png\",\"width\":2000,\"height\":720,\"caption\":\"Ta\u00edno Express\"},\"image\":{\"@id\":\"https:\\\/\\\/tainoexpress.com\\\/#\\\/schema\\\/logo\\\/image\\\/\"},\"sameAs\":[\"https:\\\/\\\/www.facebook.com\\\/tainoexpress\",\"https:\\\/\\\/www.instagram.com\\\/tainoexpress\\\/\"]}]}<\/script>\n<!-- \/ Yoast SEO plugin. -->","yoast_head_json":{"title":"Nosotros - Ta\u00edno Express","robots":{"index":"index","follow":"follow","max-snippet":"max-snippet:-1","max-image-preview":"max-image-preview:large","max-video-preview":"max-video-preview:-1"},"canonical":"https:\/\/tainoexpress.com\/en\/nosotros\/","og_locale":"en_US","og_type":"article","og_title":"Nosotros - Ta\u00edno Express","og_description":"Conformamos un equipo de profesionales en el \u00e1rea de manejo global de courier, carga a\u00e9rea y mar\u00edtima consolidada sirviendo a nuestros clientes de enlace con el mundo. Abarcamos los mercados cubriendo todos los servicios relacionados con la importaci\u00f3n. Desde nuestras oficinas en distintas partes del mundo podemos controlar sus compras... Continue reading","og_url":"https:\/\/tainoexpress.com\/en\/nosotros\/","og_site_name":"Ta\u00edno Express","article_publisher":"https:\/\/www.facebook.com\/tainoexpress","article_modified_time":"2020-02-25T20:04:59+00:00","twitter_card":"summary_large_image","twitter_misc":{"Est. reading time":"1 minute"},"schema":{"@context":"https:\/\/schema.org","@graph":[{"@type":"WebPage","@id":"https:\/\/tainoexpress.com\/nosotros\/","url":"https:\/\/tainoexpress.com\/nosotros\/","name":"Nosotros - Ta\u00edno Express","isPartOf":{"@id":"https:\/\/tainoexpress.com\/#website"},"datePublished":"2011-04-14T17:00:52+00:00","dateModified":"2020-02-25T20:04:59+00:00","breadcrumb":{"@id":"https:\/\/tainoexpress.com\/nosotros\/#breadcrumb"},"inLanguage":"en-US","potentialAction":[{"@type":"ReadAction","target":["https:\/\/tainoexpress.com\/nosotros\/"]}]},{"@type":"BreadcrumbList","@id":"https:\/\/tainoexpress.com\/nosotros\/#breadcrumb","itemListElement":[{"@type":"ListItem","position":1,"name":"Home","item":"https:\/\/tainoexpress.com\/"},{"@type":"ListItem","position":2,"name":"Nosotros"}]},{"@type":"WebSite","@id":"https:\/\/tainoexpress.com\/#website","url":"https:\/\/tainoexpress.com\/","name":"Ta\u00edno Express","description":"Courier y Mar\u00edtimo","publisher":{"@id":"https:\/\/tainoexpress.com\/#organization"},"potentialAction":[{"@type":"SearchAction","target":{"@type":"EntryPoint","urlTemplate":"https:\/\/tainoexpress.com\/?s={search_term_string}"},"query-input":{"@type":"PropertyValueSpecification","valueRequired":true,"valueName":"search_term_string"}}],"inLanguage":"en-US"},{"@type":"Organization","@id":"https:\/\/tainoexpress.com\/#organization","name":"Ta\u00edno Express","url":"https:\/\/tainoexpress.com\/","logo":{"@type":"ImageObject","inLanguage":"en-US","@id":"https:\/\/tainoexpress.com\/#\/schema\/logo\/image\/","url":"http:\/\/tainoexpress.com\/control\/wp-content\/uploads\/2020\/07\/taino-logos-10.png","contentUrl":"http:\/\/tainoexpress.com\/control\/wp-content\/uploads\/2020\/07\/taino-logos-10.png","width":2000,"height":720,"caption":"Ta\u00edno Express"},"image":{"@id":"https:\/\/tainoexpress.com\/#\/schema\/logo\/image\/"},"sameAs":["https:\/\/www.facebook.com\/tainoexpress","https:\/\/www.instagram.com\/tainoexpress\/"]}]}},"_links":{"self":[{"href":"https:\/\/tainoexpress.com\/en\/wp-json\/wp\/v2\/pages\/233","targetHints":{"allow":["GET"]}}],"collection":[{"href":"https:\/\/tainoexpress.com\/en\/wp-json\/wp\/v2\/pages"}],"about":[{"href":"https:\/\/tainoexpress.com\/en\/wp-json\/wp\/v2\/types\/page"}],"author":[{"embeddable":true,"href":"https:\/\/tainoexpress.com\/en\/wp-json\/wp\/v2\/users\/1"}],"replies":[{"embeddable":true,"href":"https:\/\/tainoexpress.com\/en\/wp-json\/wp\/v2\/comments?post=233"}],"version-history":[{"count":0,"href":"https:\/\/tainoexpress.com\/en\/wp-json\/wp\/v2\/pages\/233\/revisions"}],"wp:attachment":[{"href":"https:\/\/tainoexpress.com\/en\/wp-json\/wp\/v2\/media?parent=233"}],"curies":[{"name":"wp","href":"https:\/\/api.w.org\/{rel}","templated":true}]}}