{"id":15,"date":"2011-04-19T22:30:38","date_gmt":"2011-04-19T22:30:38","guid":{"rendered":"http:\/\/tainoexpress.minicani.info\/?page_id=15"},"modified":"2020-01-29T18:04:39","modified_gmt":"2020-01-29T18:04:39","slug":"solicitud-de-recogida-pickup","status":"publish","type":"page","link":"https:\/\/tainoexpress.com\/en\/servicios\/solicitud-de-recogida-pickup\/","title":{"rendered":"Home Delivery Request"},"content":{"rendered":"<p>Llamar a Servicio al Cliente para solicitar su servicio de Delivery, nuestro tel\u00e9fono es: 809-333-8292<\/p>\n<h3>Si lo prefieres, puedes enviarnos un correo a trav\u00e9s de nuestro formulario de contactos y te responderemos a la mayor brevedad:<\/h3>\n\n<div class=\"wpcf7 no-js\" id=\"wpcf7-f2721-o1\" lang=\"en-US\" dir=\"ltr\" data-wpcf7-id=\"2721\">\n<div class=\"screen-reader-response\"><p role=\"status\" aria-live=\"polite\" aria-atomic=\"true\"><\/p> <ul><\/ul><\/div>\n<form action=\"\/en\/wp-json\/wp\/v2\/pages\/15#wpcf7-f2721-o1\" method=\"post\" class=\"wpcf7-form init\" aria-label=\"Contact form\" novalidate=\"novalidate\" data-status=\"init\">\n<fieldset class=\"hidden-fields-container\"><input type=\"hidden\" name=\"_wpcf7\" value=\"2721\" \/><input type=\"hidden\" name=\"_wpcf7_version\" value=\"6.1.5\" \/><input type=\"hidden\" name=\"_wpcf7_locale\" value=\"en_US\" \/><input type=\"hidden\" name=\"_wpcf7_unit_tag\" value=\"wpcf7-f2721-o1\" \/><input type=\"hidden\" name=\"_wpcf7_container_post\" value=\"0\" \/><input type=\"hidden\" name=\"_wpcf7_posted_data_hash\" value=\"\" \/>\n<\/fieldset>\n<p> Su Nombre (requerido)\n<\/p>\n<p><span class=\"wpcf7-form-control-wrap\" data-name=\"your-name\"><input size=\"40\" maxlength=\"400\" class=\"wpcf7-form-control wpcf7-text wpcf7-validates-as-required\" aria-required=\"true\" aria-invalid=\"false\" value=\"\" type=\"text\" name=\"your-name\" \/><\/span>\n<\/p>\n<p>Su Correo (requerido)\n<\/p>\n<p><span class=\"wpcf7-form-control-wrap\" data-name=\"your-email\"><input size=\"40\" maxlength=\"400\" class=\"wpcf7-form-control wpcf7-email wpcf7-validates-as-required wpcf7-text wpcf7-validates-as-email\" aria-required=\"true\" aria-invalid=\"false\" value=\"\" type=\"email\" name=\"your-email\" \/><\/span>\n<\/p>\n<p>Subject\n<\/p>\n<p><span class=\"wpcf7-form-control-wrap\" data-name=\"your-subject\"><input size=\"40\" maxlength=\"400\" class=\"wpcf7-form-control wpcf7-text\" aria-invalid=\"false\" value=\"\" type=\"text\" name=\"your-subject\" \/><\/span>\n<\/p>\n<p>Su Mensaje\n<\/p>\n<p><span class=\"wpcf7-form-control-wrap\" data-name=\"your-message\"><textarea cols=\"40\" rows=\"10\" maxlength=\"2000\" class=\"wpcf7-form-control wpcf7-textarea\" aria-invalid=\"false\" name=\"your-message\"><\/textarea><\/span>\n<\/p>\n<p>[mathcaptcha mathcaptcha-398 id:2721]\n<\/p>\n<p><input class=\"wpcf7-form-control wpcf7-submit has-spinner\" type=\"submit\" value=\"Enviar\" \/>\n<\/p><div class=\"wpcf7-response-output\" aria-hidden=\"true\"><\/div>\n<\/form>\n<\/div>\n\n","protected":false},"excerpt":{"rendered":"<p>Llamar a Servicio al Cliente para solicitar su servicio de Delivery, nuestro tel\u00e9fono es: 809-333-8292 Si lo prefieres, puedes enviarnos un correo a trav\u00e9s de nuestro formulario de contactos y te responderemos a la mayor brevedad:<\/p>\n<p> <a class=\"continue-reading-link\" href=\"https:\/\/tainoexpress.com\/en\/servicios\/solicitud-de-recogida-pickup\/\"><span>Continue reading<\/span><i class=\"crycon-right-dir\"><\/i><\/a> <\/p>","protected":false},"author":1,"featured_media":0,"parent":7,"menu_order":2,"comment_status":"closed","ping_status":"closed","template":"","meta":{"footnotes":""},"class_list":["post-15","page","type-page","status-publish","hentry"],"yoast_head":"<!-- This site is optimized with the Yoast SEO plugin v27.3 - https:\/\/yoast.com\/product\/yoast-seo-wordpress\/ -->\n<title>Solicitud de Delivery - Ta\u00edno Express<\/title>\n<meta name=\"robots\" content=\"index, follow, max-snippet:-1, max-image-preview:large, max-video-preview:-1\" \/>\n<link rel=\"canonical\" href=\"https:\/\/tainoexpress.com\/en\/servicios\/solicitud-de-recogida-pickup\/\" \/>\n<meta property=\"og:locale\" content=\"en_US\" \/>\n<meta property=\"og:type\" content=\"article\" \/>\n<meta property=\"og:title\" content=\"Solicitud de Delivery - Ta\u00edno Express\" \/>\n<meta property=\"og:description\" content=\"Llamar a Servicio al Cliente para solicitar su servicio de Delivery, nuestro tel\u00e9fono es: 809-333-8292 Si lo prefieres, puedes enviarnos un correo a trav\u00e9s de nuestro formulario de contactos y te responderemos a la mayor brevedad: Continue reading\" \/>\n<meta property=\"og:url\" content=\"https:\/\/tainoexpress.com\/en\/servicios\/solicitud-de-recogida-pickup\/\" \/>\n<meta property=\"og:site_name\" content=\"Ta\u00edno Express\" \/>\n<meta property=\"article:publisher\" content=\"https:\/\/www.facebook.com\/tainoexpress\" \/>\n<meta property=\"article:modified_time\" content=\"2020-01-29T18:04:39+00:00\" \/>\n<meta name=\"twitter:card\" content=\"summary_large_image\" \/>\n<script type=\"application\/ld+json\" class=\"yoast-schema-graph\">{\"@context\":\"https:\\\/\\\/schema.org\",\"@graph\":[{\"@type\":\"WebPage\",\"@id\":\"https:\\\/\\\/tainoexpress.com\\\/servicios\\\/solicitud-de-recogida-pickup\\\/\",\"url\":\"https:\\\/\\\/tainoexpress.com\\\/servicios\\\/solicitud-de-recogida-pickup\\\/\",\"name\":\"Solicitud de Delivery - Ta\u00edno Express\",\"isPartOf\":{\"@id\":\"https:\\\/\\\/tainoexpress.com\\\/#website\"},\"datePublished\":\"2011-04-19T22:30:38+00:00\",\"dateModified\":\"2020-01-29T18:04:39+00:00\",\"breadcrumb\":{\"@id\":\"https:\\\/\\\/tainoexpress.com\\\/servicios\\\/solicitud-de-recogida-pickup\\\/#breadcrumb\"},\"inLanguage\":\"en-US\",\"potentialAction\":[{\"@type\":\"ReadAction\",\"target\":[\"https:\\\/\\\/tainoexpress.com\\\/servicios\\\/solicitud-de-recogida-pickup\\\/\"]}]},{\"@type\":\"BreadcrumbList\",\"@id\":\"https:\\\/\\\/tainoexpress.com\\\/servicios\\\/solicitud-de-recogida-pickup\\\/#breadcrumb\",\"itemListElement\":[{\"@type\":\"ListItem\",\"position\":1,\"name\":\"Home\",\"item\":\"https:\\\/\\\/tainoexpress.com\\\/\"},{\"@type\":\"ListItem\",\"position\":2,\"name\":\"Servicios\",\"item\":\"https:\\\/\\\/tainoexpress.com\\\/servicios\\\/\"},{\"@type\":\"ListItem\",\"position\":3,\"name\":\"Solicitud de Delivery\"}]},{\"@type\":\"WebSite\",\"@id\":\"https:\\\/\\\/tainoexpress.com\\\/#website\",\"url\":\"https:\\\/\\\/tainoexpress.com\\\/\",\"name\":\"Ta\u00edno Express\",\"description\":\"Courier y Mar\u00edtimo\",\"publisher\":{\"@id\":\"https:\\\/\\\/tainoexpress.com\\\/#organization\"},\"potentialAction\":[{\"@type\":\"SearchAction\",\"target\":{\"@type\":\"EntryPoint\",\"urlTemplate\":\"https:\\\/\\\/tainoexpress.com\\\/?s={search_term_string}\"},\"query-input\":{\"@type\":\"PropertyValueSpecification\",\"valueRequired\":true,\"valueName\":\"search_term_string\"}}],\"inLanguage\":\"en-US\"},{\"@type\":\"Organization\",\"@id\":\"https:\\\/\\\/tainoexpress.com\\\/#organization\",\"name\":\"Ta\u00edno Express\",\"url\":\"https:\\\/\\\/tainoexpress.com\\\/\",\"logo\":{\"@type\":\"ImageObject\",\"inLanguage\":\"en-US\",\"@id\":\"https:\\\/\\\/tainoexpress.com\\\/#\\\/schema\\\/logo\\\/image\\\/\",\"url\":\"http:\\\/\\\/tainoexpress.com\\\/control\\\/wp-content\\\/uploads\\\/2020\\\/07\\\/taino-logos-10.png\",\"contentUrl\":\"http:\\\/\\\/tainoexpress.com\\\/control\\\/wp-content\\\/uploads\\\/2020\\\/07\\\/taino-logos-10.png\",\"width\":2000,\"height\":720,\"caption\":\"Ta\u00edno Express\"},\"image\":{\"@id\":\"https:\\\/\\\/tainoexpress.com\\\/#\\\/schema\\\/logo\\\/image\\\/\"},\"sameAs\":[\"https:\\\/\\\/www.facebook.com\\\/tainoexpress\",\"https:\\\/\\\/www.instagram.com\\\/tainoexpress\\\/\"]}]}<\/script>\n<!-- \/ Yoast SEO plugin. -->","yoast_head_json":{"title":"Solicitud de Delivery - Ta\u00edno Express","robots":{"index":"index","follow":"follow","max-snippet":"max-snippet:-1","max-image-preview":"max-image-preview:large","max-video-preview":"max-video-preview:-1"},"canonical":"https:\/\/tainoexpress.com\/en\/servicios\/solicitud-de-recogida-pickup\/","og_locale":"en_US","og_type":"article","og_title":"Solicitud de Delivery - Ta\u00edno Express","og_description":"Llamar a Servicio al Cliente para solicitar su servicio de Delivery, nuestro tel\u00e9fono es: 809-333-8292 Si lo prefieres, puedes enviarnos un correo a trav\u00e9s de nuestro formulario de contactos y te responderemos a la mayor brevedad: Continue reading","og_url":"https:\/\/tainoexpress.com\/en\/servicios\/solicitud-de-recogida-pickup\/","og_site_name":"Ta\u00edno Express","article_publisher":"https:\/\/www.facebook.com\/tainoexpress","article_modified_time":"2020-01-29T18:04:39+00:00","twitter_card":"summary_large_image","schema":{"@context":"https:\/\/schema.org","@graph":[{"@type":"WebPage","@id":"https:\/\/tainoexpress.com\/servicios\/solicitud-de-recogida-pickup\/","url":"https:\/\/tainoexpress.com\/servicios\/solicitud-de-recogida-pickup\/","name":"Solicitud de Delivery - Ta\u00edno Express","isPartOf":{"@id":"https:\/\/tainoexpress.com\/#website"},"datePublished":"2011-04-19T22:30:38+00:00","dateModified":"2020-01-29T18:04:39+00:00","breadcrumb":{"@id":"https:\/\/tainoexpress.com\/servicios\/solicitud-de-recogida-pickup\/#breadcrumb"},"inLanguage":"en-US","potentialAction":[{"@type":"ReadAction","target":["https:\/\/tainoexpress.com\/servicios\/solicitud-de-recogida-pickup\/"]}]},{"@type":"BreadcrumbList","@id":"https:\/\/tainoexpress.com\/servicios\/solicitud-de-recogida-pickup\/#breadcrumb","itemListElement":[{"@type":"ListItem","position":1,"name":"Home","item":"https:\/\/tainoexpress.com\/"},{"@type":"ListItem","position":2,"name":"Servicios","item":"https:\/\/tainoexpress.com\/servicios\/"},{"@type":"ListItem","position":3,"name":"Solicitud de Delivery"}]},{"@type":"WebSite","@id":"https:\/\/tainoexpress.com\/#website","url":"https:\/\/tainoexpress.com\/","name":"Ta\u00edno Express","description":"Courier y Mar\u00edtimo","publisher":{"@id":"https:\/\/tainoexpress.com\/#organization"},"potentialAction":[{"@type":"SearchAction","target":{"@type":"EntryPoint","urlTemplate":"https:\/\/tainoexpress.com\/?s={search_term_string}"},"query-input":{"@type":"PropertyValueSpecification","valueRequired":true,"valueName":"search_term_string"}}],"inLanguage":"en-US"},{"@type":"Organization","@id":"https:\/\/tainoexpress.com\/#organization","name":"Ta\u00edno Express","url":"https:\/\/tainoexpress.com\/","logo":{"@type":"ImageObject","inLanguage":"en-US","@id":"https:\/\/tainoexpress.com\/#\/schema\/logo\/image\/","url":"http:\/\/tainoexpress.com\/control\/wp-content\/uploads\/2020\/07\/taino-logos-10.png","contentUrl":"http:\/\/tainoexpress.com\/control\/wp-content\/uploads\/2020\/07\/taino-logos-10.png","width":2000,"height":720,"caption":"Ta\u00edno Express"},"image":{"@id":"https:\/\/tainoexpress.com\/#\/schema\/logo\/image\/"},"sameAs":["https:\/\/www.facebook.com\/tainoexpress","https:\/\/www.instagram.com\/tainoexpress\/"]}]}},"_links":{"self":[{"href":"https:\/\/tainoexpress.com\/en\/wp-json\/wp\/v2\/pages\/15","targetHints":{"allow":["GET"]}}],"collection":[{"href":"https:\/\/tainoexpress.com\/en\/wp-json\/wp\/v2\/pages"}],"about":[{"href":"https:\/\/tainoexpress.com\/en\/wp-json\/wp\/v2\/types\/page"}],"author":[{"embeddable":true,"href":"https:\/\/tainoexpress.com\/en\/wp-json\/wp\/v2\/users\/1"}],"replies":[{"embeddable":true,"href":"https:\/\/tainoexpress.com\/en\/wp-json\/wp\/v2\/comments?post=15"}],"version-history":[{"count":0,"href":"https:\/\/tainoexpress.com\/en\/wp-json\/wp\/v2\/pages\/15\/revisions"}],"up":[{"embeddable":true,"href":"https:\/\/tainoexpress.com\/en\/wp-json\/wp\/v2\/pages\/7"}],"wp:attachment":[{"href":"https:\/\/tainoexpress.com\/en\/wp-json\/wp\/v2\/media?parent=15"}],"curies":[{"name":"wp","href":"https:\/\/api.w.org\/{rel}","templated":true}]}}